{"id":96,"date":"2024-10-17T16:44:00","date_gmt":"2024-10-17T16:44:00","guid":{"rendered":"https:\/\/lowersilesianopera.eu\/?page_id=96"},"modified":"2024-11-08T11:45:03","modified_gmt":"2024-11-08T11:45:03","slug":"opera","status":"publish","type":"page","link":"https:\/\/lowersilesianopera.eu\/en\/opera\/","title":{"rendered":"Opera"},"content":{"rendered":"<div data-elementor-type=\"wp-page\" data-elementor-id=\"96\" class=\"elementor elementor-96\">\n\t\t\t\t\t\t<section class=\"elementor-section elementor-top-section elementor-element elementor-element-13b90ce3 elementor-section-content-middle elementor-section-boxed elementor-section-height-default elementor-section-height-default\" data-id=\"13b90ce3\" data-element_type=\"section\" data-e-type=\"section\" data-settings=\"{&quot;background_background&quot;:&quot;classic&quot;}\">\n\t\t\t\t\t\t\t<div class=\"elementor-background-overlay\"><\/div>\n\t\t\t\t\t\t\t<div class=\"elementor-container elementor-column-gap-default\">\n\t\t\t\t\t<div class=\"elementor-column elementor-col-50 elementor-top-column elementor-element elementor-element-5b8f028d elementor-hidden-tablet elementor-hidden-phone\" data-id=\"5b8f028d\" data-element_type=\"column\" data-e-type=\"column\">\n\t\t\t<div class=\"elementor-widget-wrap\">\n\t\t\t\t\t\t\t<\/div>\n\t\t<\/div>\n\t\t\t\t<div class=\"elementor-column elementor-col-50 elementor-top-column elementor-element elementor-element-6e8facf4\" data-id=\"6e8facf4\" data-element_type=\"column\" data-e-type=\"column\" data-settings=\"{&quot;background_background&quot;:&quot;classic&quot;}\">\n\t\t\t<div class=\"elementor-widget-wrap elementor-element-populated\">\n\t\t\t\t\t\t<div class=\"elementor-element elementor-element-f6cced elementor-widget elementor-widget-heading\" data-id=\"f6cced\" data-element_type=\"widget\" data-e-type=\"widget\" data-widget_type=\"heading.default\">\n\t\t\t\t<div class=\"elementor-widget-container\">\n\t\t\t\t\t<h2 class=\"elementor-heading-title elementor-size-default\">Opera<\/h2>\t\t\t\t<\/div>\n\t\t\t\t<\/div>\n\t\t\t\t<div class=\"elementor-element elementor-element-5fe9e10f elementor-icon-list--layout-inline elementor-align-end elementor-mobile-align-end elementor-list-item-link-full_width elementor-widget elementor-widget-icon-list\" data-id=\"5fe9e10f\" data-element_type=\"widget\" data-e-type=\"widget\" data-widget_type=\"icon-list.default\">\n\t\t\t\t<div class=\"elementor-widget-container\">\n\t\t\t\t\t\t\t<ul class=\"elementor-icon-list-items elementor-inline-items\">\n\t\t\t\t\t\t\t<li class=\"elementor-icon-list-item elementor-inline-item\">\n\t\t\t\t\t\t\t\t\t\t\t<a href=\"https:\/\/lowersilesianopera.eu\/en\/\">\n\n\t\t\t\t\t\t\t\t\t\t\t<span class=\"elementor-icon-list-text\">Home<\/span>\n\t\t\t\t\t\t\t\t\t\t\t<\/a>\n\t\t\t\t\t\t\t\t\t<\/li>\n\t\t\t\t\t\t\t\t<li class=\"elementor-icon-list-item elementor-inline-item\">\n\t\t\t\t\t\t\t\t\t\t\t<span class=\"elementor-icon-list-icon\">\n\t\t\t\t\t\t\t<svg aria-hidden=\"true\" class=\"e-font-icon-svg e-fas-chevron-right\" viewbox=\"0 0 320 512\" xmlns=\"http:\/\/www.w3.org\/2000\/svg\"><path d=\"M285.476 272.971L91.132 467.314c-9.373 9.373-24.569 9.373-33.941 0l-22.667-22.667c-9.357-9.357-9.375-24.522-.04-33.901L188.505 256 34.484 101.255c-9.335-9.379-9.317-24.544.04-33.901l22.667-22.667c9.373-9.373 24.569-9.373 33.941 0L285.475 239.03c9.373 9.372 9.373 24.568.001 33.941z\"><\/path><\/svg>\t\t\t\t\t\t<\/span>\n\t\t\t\t\t\t\t\t\t\t<span class=\"elementor-icon-list-text\">Opera<\/span>\n\t\t\t\t\t\t\t\t\t<\/li>\n\t\t\t\t\t\t<\/ul>\n\t\t\t\t\t\t<\/div>\n\t\t\t\t<\/div>\n\t\t\t\t\t<\/div>\n\t\t<\/div>\n\t\t\t\t\t<\/div>\n\t\t<\/section>\n\t\t\t\t<section class=\"elementor-section elementor-top-section elementor-element elementor-element-862901f elementor-section-boxed elementor-section-height-default elementor-section-height-default\" data-id=\"862901f\" data-element_type=\"section\" data-e-type=\"section\" data-settings=\"{&quot;background_background&quot;:&quot;classic&quot;}\">\n\t\t\t\t\t\t<div class=\"elementor-container elementor-column-gap-default\">\n\t\t\t\t\t<div class=\"elementor-column elementor-col-100 elementor-top-column elementor-element elementor-element-7de23051\" data-id=\"7de23051\" data-element_type=\"column\" data-e-type=\"column\">\n\t\t\t<div class=\"elementor-widget-wrap elementor-element-populated\">\n\t\t\t\t\t\t<div class=\"elementor-element elementor-element-d4218d9 elementor-view-default elementor-widget elementor-widget-icon\" data-id=\"d4218d9\" data-element_type=\"widget\" data-e-type=\"widget\" data-widget_type=\"icon.default\">\n\t\t\t\t<div class=\"elementor-widget-container\">\n\t\t\t\t\t\t\t<div class=\"elementor-icon-wrapper\">\n\t\t\t<div class=\"elementor-icon\">\n\t\t\t<i aria-hidden=\"true\" class=\"jki jki-quote-light\"><\/i>\t\t\t<\/div>\n\t\t<\/div>\n\t\t\t\t\t\t<\/div>\n\t\t\t\t<\/div>\n\t\t\t\t<div class=\"elementor-element elementor-element-19c8178f elementor-widget elementor-widget-heading\" data-id=\"19c8178f\" data-element_type=\"widget\" data-e-type=\"widget\" data-widget_type=\"heading.default\">\n\t\t\t\t<div class=\"elementor-widget-container\">\n\t\t\t\t\t<h2 class=\"elementor-heading-title elementor-size-default\">Who are we?<\/h2>\t\t\t\t<\/div>\n\t\t\t\t<\/div>\n\t\t\t\t<div class=\"elementor-element elementor-element-5242931c elementor-widget elementor-widget-text-editor\" data-id=\"5242931c\" data-element_type=\"widget\" data-e-type=\"widget\" data-widget_type=\"text-editor.default\">\n\t\t\t\t<div class=\"elementor-widget-container\">\n\t\t\t\t\t\t\t\t\t<p>The Lower Silesian Opera was established in 2024 by the Foundation for Cultural Development in Wroc\u0142aw. Since 2015, the Foundation has been committed to organising artistic events, supporting young artists and developing culture in the Lower Silesia region. The founder of the Foundation is Wies\u0142aw Ma\u0142ucha, who also serves as a member of the Board of Directors, together with Kamil Skrok.<\/p><p><a href=\"https:\/\/lowersilesianopera.eu\/en\/\">Lower Silesian Opera<\/a> aims to present and popularise opera and classical music at the highest level. At its concerts, it represents a carefully selected repertoire that delights both connoisseurs and new audiences every month. An important aspect of the Lower Silesian Opera's activities is the cultural promotion of Lower Silesia and support for young local artists and composers, for whom special concert series are prepared. <b><br \/><\/b><b><br \/><\/b><\/p>\t\t\t\t\t\t\t\t<\/div>\n\t\t\t\t<\/div>\n\t\t\t\t\t<\/div>\n\t\t<\/div>\n\t\t\t\t\t<\/div>\n\t\t<\/section>\n\t\t\t\t<section class=\"elementor-section elementor-top-section elementor-element elementor-element-2a294b5b elementor-reverse-tablet elementor-reverse-mobile elementor-section-content-middle elementor-section-boxed elementor-section-height-default elementor-section-height-default\" data-id=\"2a294b5b\" data-element_type=\"section\" data-e-type=\"section\" data-settings=\"{&quot;background_background&quot;:&quot;classic&quot;}\">\n\t\t\t\t\t\t<div class=\"elementor-container elementor-column-gap-default\">\n\t\t\t\t\t<div class=\"elementor-column elementor-col-50 elementor-top-column elementor-element elementor-element-6b05b844\" data-id=\"6b05b844\" data-element_type=\"column\" data-e-type=\"column\">\n\t\t\t<div class=\"elementor-widget-wrap elementor-element-populated\">\n\t\t\t\t\t\t<div class=\"elementor-element elementor-element-3f993d02 elementor-widget elementor-widget-heading\" data-id=\"3f993d02\" data-element_type=\"widget\" data-e-type=\"widget\" data-widget_type=\"heading.default\">\n\t\t\t\t<div class=\"elementor-widget-container\">\n\t\t\t\t\t<h2 class=\"elementor-heading-title elementor-size-default\">It is you, my dear fellow concertgoers, who constitute the ballet of the concert <\/h2>\t\t\t\t<\/div>\n\t\t\t\t<\/div>\n\t\t\t\t<div class=\"elementor-element elementor-element-72cef33b elementor-widget elementor-widget-text-editor\" data-id=\"72cef33b\" data-element_type=\"widget\" data-e-type=\"widget\" data-widget_type=\"text-editor.default\">\n\t\t\t\t<div class=\"elementor-widget-container\">\n\t\t\t\t\t\t\t\t\t<p>As well as listening to wonderful music, the audience of the Lower Silesian Opera has the opportunity to immerse themselves fully in the emotion by dancing and co-creating the show.<\/p>\t\t\t\t\t\t\t\t<\/div>\n\t\t\t\t<\/div>\n\t\t\t\t\t<\/div>\n\t\t<\/div>\n\t\t\t\t<div class=\"elementor-column elementor-col-25 elementor-top-column elementor-element elementor-element-43d05a69\" data-id=\"43d05a69\" data-element_type=\"column\" data-e-type=\"column\">\n\t\t\t<div class=\"elementor-widget-wrap elementor-element-populated\">\n\t\t\t\t\t\t<section class=\"elementor-section elementor-inner-section elementor-element elementor-element-17243d8f elementor-section-boxed elementor-section-height-default elementor-section-height-default\" data-id=\"17243d8f\" data-element_type=\"section\" data-e-type=\"section\">\n\t\t\t\t\t\t<div class=\"elementor-container elementor-column-gap-default\">\n\t\t\t\t\t<div class=\"elementor-column elementor-col-100 elementor-inner-column elementor-element elementor-element-3ce24b0\" data-id=\"3ce24b0\" data-element_type=\"column\" data-e-type=\"column\" data-settings=\"{&quot;background_background&quot;:&quot;classic&quot;}\">\n\t\t\t<div class=\"elementor-widget-wrap elementor-element-populated\">\n\t\t\t\t\t\t<div class=\"elementor-element elementor-element-1a916e67 elementor-widget elementor-widget-spacer\" data-id=\"1a916e67\" data-element_type=\"widget\" data-e-type=\"widget\" data-widget_type=\"spacer.default\">\n\t\t\t\t<div class=\"elementor-widget-container\">\n\t\t\t\t\t\t\t<div class=\"elementor-spacer\">\n\t\t\t<div class=\"elementor-spacer-inner\"><\/div>\n\t\t<\/div>\n\t\t\t\t\t\t<\/div>\n\t\t\t\t<\/div>\n\t\t\t\t\t<\/div>\n\t\t<\/div>\n\t\t\t\t\t<\/div>\n\t\t<\/section>\n\t\t\t\t<section class=\"elementor-section elementor-inner-section elementor-element elementor-element-4c90150f elementor-section-boxed elementor-section-height-default elementor-section-height-default\" data-id=\"4c90150f\" data-element_type=\"section\" data-e-type=\"section\">\n\t\t\t\t\t\t<div class=\"elementor-container elementor-column-gap-default\">\n\t\t\t\t\t<div class=\"elementor-column elementor-col-100 elementor-inner-column elementor-element elementor-element-a01961f\" data-id=\"a01961f\" data-element_type=\"column\" data-e-type=\"column\">\n\t\t\t<div class=\"elementor-widget-wrap\">\n\t\t\t\t\t\t\t<\/div>\n\t\t<\/div>\n\t\t\t\t\t<\/div>\n\t\t<\/section>\n\t\t\t\t\t<\/div>\n\t\t<\/div>\n\t\t\t\t<div class=\"elementor-column elementor-col-25 elementor-top-column elementor-element elementor-element-177f8ef3\" data-id=\"177f8ef3\" data-element_type=\"column\" data-e-type=\"column\">\n\t\t\t<div class=\"elementor-widget-wrap elementor-element-populated\">\n\t\t\t\t\t\t<div class=\"elementor-element elementor-element-62cba56b elementor-widget elementor-widget-image\" data-id=\"62cba56b\" data-element_type=\"widget\" data-e-type=\"widget\" data-widget_type=\"image.default\">\n\t\t\t\t<div class=\"elementor-widget-container\">\n\t\t\t\t\t\t\t\t\t\t\t\t\t\t\t<img fetchpriority=\"high\" decoding=\"async\" width=\"800\" height=\"534\" src=\"https:\/\/lowersilesianopera.eu\/wp-content\/uploads\/2024\/10\/DSC_2045-scaled-1-1024x684.jpg\" class=\"attachment-large size-large wp-image-264\" alt=\"\" srcset=\"https:\/\/lowersilesianopera.eu\/wp-content\/uploads\/2024\/10\/DSC_2045-scaled-1-1024x684.jpg 1024w, https:\/\/lowersilesianopera.eu\/wp-content\/uploads\/2024\/10\/DSC_2045-scaled-1-300x200.jpg 300w, https:\/\/lowersilesianopera.eu\/wp-content\/uploads\/2024\/10\/DSC_2045-scaled-1-768x513.jpg 768w, https:\/\/lowersilesianopera.eu\/wp-content\/uploads\/2024\/10\/DSC_2045-scaled-1-1536x1025.jpg 1536w, https:\/\/lowersilesianopera.eu\/wp-content\/uploads\/2024\/10\/DSC_2045-scaled-1-2048x1367.jpg 2048w, https:\/\/lowersilesianopera.eu\/wp-content\/uploads\/2024\/10\/DSC_2045-scaled-1-18x12.jpg 18w\" sizes=\"(max-width: 800px) 100vw, 800px\" \/>\t\t\t\t\t\t\t\t\t\t\t\t\t\t\t<\/div>\n\t\t\t\t<\/div>\n\t\t\t\t\t<\/div>\n\t\t<\/div>\n\t\t\t\t\t<\/div>\n\t\t<\/section>\n\t\t\t\t<\/div>","protected":false},"excerpt":{"rendered":"<p>Opera Home Opera Who Are We? The Lower Silesian Opera was established in 2024 by the Foundation for Cultural Development in Wroc\u0142aw. Since 2015, the Foundation has been committed to organising artistic events, supporting young artists and developing culture in the Lower Silesia region. The founder of the Foundation is Wies\u0142aw Ma\u0142ucha, who also serves as a member of the Board of Directors, together with [...]<\/p>","protected":false},"author":1,"featured_media":0,"parent":0,"menu_order":0,"comment_status":"closed","ping_status":"closed","template":"elementor_header_footer","meta":{"footnotes":""},"class_list":["post-96","page","type-page","status-publish","hentry"],"yoast_head":"<!-- This site is optimized with the Yoast SEO plugin v24.1 - https:\/\/yoast.com\/wordpress\/plugins\/seo\/ -->\n<title>Opera - Lower Silesian Opera<\/title>\n<meta name=\"robots\" content=\"index, follow, max-snippet:-1, max-image-preview:large, max-video-preview:-1\" \/>\n<link rel=\"canonical\" href=\"https:\/\/lowersilesianopera.eu\/en\/opera\/\" \/>\n<meta property=\"og:locale\" content=\"en_GB\" \/>\n<meta property=\"og:type\" content=\"article\" \/>\n<meta property=\"og:title\" content=\"Opera - Lower Silesian Opera\" \/>\n<meta property=\"og:description\" content=\"Opera Home Opera Kim Jeste\u015bmy? Opera Dolno\u015bl\u0105ska zosta\u0142a powo\u0142ana do dzia\u0142alno\u015bci w 2024 roku przez Fundacj\u0119 Rozwoju Kultury we Wroc\u0142awiu. Fundacja od 2015 roku anga\u017cuje si\u0119 w organizacj\u0119 wydarze\u0144 artystycznych, wspieranie m\u0142odych tw\u00f3rc\u00f3w oraz rozw\u00f3j kultury w regionie Dolnego \u015al\u0105ska. Fundatorem Fundacji jest Wies\u0142aw Ma\u0142ucha, kt\u00f3ry pe\u0142ni w niej r\u00f3wnie\u017c funkcj\u0119 cz\u0142onka zarz\u0105du, wraz z [&hellip;]\" \/>\n<meta property=\"og:url\" content=\"https:\/\/lowersilesianopera.eu\/en\/opera\/\" \/>\n<meta property=\"og:site_name\" content=\"Lower Silesian Opera\" \/>\n<meta property=\"article:modified_time\" content=\"2024-11-08T11:45:03+00:00\" \/>\n<meta property=\"og:image\" content=\"https:\/\/lowersilesianopera.eu\/wp-content\/uploads\/2024\/10\/DSC_2045-scaled-1.jpg\" \/>\n\t<meta property=\"og:image:width\" content=\"2560\" \/>\n\t<meta property=\"og:image:height\" content=\"1709\" \/>\n\t<meta property=\"og:image:type\" content=\"image\/jpeg\" \/>\n<meta name=\"twitter:card\" content=\"summary_large_image\" \/>\n<meta name=\"twitter:label1\" content=\"Estimated reading time\" \/>\n\t<meta name=\"twitter:data1\" content=\"2 minutes\" \/>\n<script type=\"application\/ld+json\" class=\"yoast-schema-graph\">{\"@context\":\"https:\/\/schema.org\",\"@graph\":[{\"@type\":\"WebPage\",\"@id\":\"https:\/\/lowersilesianopera.eu\/opera\/\",\"url\":\"https:\/\/lowersilesianopera.eu\/opera\/\",\"name\":\"Opera - Lower Silesian Opera\",\"isPartOf\":{\"@id\":\"https:\/\/lowersilesianopera.eu\/#website\"},\"primaryImageOfPage\":{\"@id\":\"https:\/\/lowersilesianopera.eu\/opera\/#primaryimage\"},\"image\":{\"@id\":\"https:\/\/lowersilesianopera.eu\/opera\/#primaryimage\"},\"thumbnailUrl\":\"https:\/\/lowersilesianopera.eu\/wp-content\/uploads\/2024\/10\/DSC_2045-scaled-1-1024x684.jpg\",\"datePublished\":\"2024-10-17T16:44:00+00:00\",\"dateModified\":\"2024-11-08T11:45:03+00:00\",\"breadcrumb\":{\"@id\":\"https:\/\/lowersilesianopera.eu\/opera\/#breadcrumb\"},\"inLanguage\":\"en-GB\",\"potentialAction\":[{\"@type\":\"ReadAction\",\"target\":[\"https:\/\/lowersilesianopera.eu\/opera\/\"]}]},{\"@type\":\"ImageObject\",\"inLanguage\":\"en-GB\",\"@id\":\"https:\/\/lowersilesianopera.eu\/opera\/#primaryimage\",\"url\":\"https:\/\/lowersilesianopera.eu\/wp-content\/uploads\/2024\/10\/DSC_2045-scaled-1-1024x684.jpg\",\"contentUrl\":\"https:\/\/lowersilesianopera.eu\/wp-content\/uploads\/2024\/10\/DSC_2045-scaled-1-1024x684.jpg\"},{\"@type\":\"BreadcrumbList\",\"@id\":\"https:\/\/lowersilesianopera.eu\/opera\/#breadcrumb\",\"itemListElement\":[{\"@type\":\"ListItem\",\"position\":1,\"name\":\"Strona g\u0142\u00f3wna\",\"item\":\"https:\/\/lowersilesianopera.eu\/\"},{\"@type\":\"ListItem\",\"position\":2,\"name\":\"Opera\"}]},{\"@type\":\"WebSite\",\"@id\":\"https:\/\/lowersilesianopera.eu\/#website\",\"url\":\"https:\/\/lowersilesianopera.eu\/\",\"name\":\"Lower Silesian Opera\",\"description\":\"Opera Dolno\u015bl\u0105ska\",\"potentialAction\":[{\"@type\":\"SearchAction\",\"target\":{\"@type\":\"EntryPoint\",\"urlTemplate\":\"https:\/\/lowersilesianopera.eu\/?s={search_term_string}\"},\"query-input\":{\"@type\":\"PropertyValueSpecification\",\"valueRequired\":true,\"valueName\":\"search_term_string\"}}],\"inLanguage\":\"en-GB\"}]}<\/script>\n<!-- \/ Yoast SEO plugin. -->","yoast_head_json":{"title":"Opera - Lower Silesian Opera","robots":{"index":"index","follow":"follow","max-snippet":"max-snippet:-1","max-image-preview":"max-image-preview:large","max-video-preview":"max-video-preview:-1"},"canonical":"https:\/\/lowersilesianopera.eu\/en\/opera\/","og_locale":"en_GB","og_type":"article","og_title":"Opera - Lower Silesian Opera","og_description":"Opera Home Opera Kim Jeste\u015bmy? Opera Dolno\u015bl\u0105ska zosta\u0142a powo\u0142ana do dzia\u0142alno\u015bci w 2024 roku przez Fundacj\u0119 Rozwoju Kultury we Wroc\u0142awiu. Fundacja od 2015 roku anga\u017cuje si\u0119 w organizacj\u0119 wydarze\u0144 artystycznych, wspieranie m\u0142odych tw\u00f3rc\u00f3w oraz rozw\u00f3j kultury w regionie Dolnego \u015al\u0105ska. Fundatorem Fundacji jest Wies\u0142aw Ma\u0142ucha, kt\u00f3ry pe\u0142ni w niej r\u00f3wnie\u017c funkcj\u0119 cz\u0142onka zarz\u0105du, wraz z [&hellip;]","og_url":"https:\/\/lowersilesianopera.eu\/en\/opera\/","og_site_name":"Lower Silesian Opera","article_modified_time":"2024-11-08T11:45:03+00:00","og_image":[{"width":2560,"height":1709,"url":"https:\/\/lowersilesianopera.eu\/wp-content\/uploads\/2024\/10\/DSC_2045-scaled-1.jpg","type":"image\/jpeg"}],"twitter_card":"summary_large_image","twitter_misc":{"Estimated reading time":"2 minutes"},"schema":{"@context":"https:\/\/schema.org","@graph":[{"@type":"WebPage","@id":"https:\/\/lowersilesianopera.eu\/opera\/","url":"https:\/\/lowersilesianopera.eu\/opera\/","name":"Opera - Lower Silesian Opera","isPartOf":{"@id":"https:\/\/lowersilesianopera.eu\/#website"},"primaryImageOfPage":{"@id":"https:\/\/lowersilesianopera.eu\/opera\/#primaryimage"},"image":{"@id":"https:\/\/lowersilesianopera.eu\/opera\/#primaryimage"},"thumbnailUrl":"https:\/\/lowersilesianopera.eu\/wp-content\/uploads\/2024\/10\/DSC_2045-scaled-1-1024x684.jpg","datePublished":"2024-10-17T16:44:00+00:00","dateModified":"2024-11-08T11:45:03+00:00","breadcrumb":{"@id":"https:\/\/lowersilesianopera.eu\/opera\/#breadcrumb"},"inLanguage":"en-GB","potentialAction":[{"@type":"ReadAction","target":["https:\/\/lowersilesianopera.eu\/opera\/"]}]},{"@type":"ImageObject","inLanguage":"en-GB","@id":"https:\/\/lowersilesianopera.eu\/opera\/#primaryimage","url":"https:\/\/lowersilesianopera.eu\/wp-content\/uploads\/2024\/10\/DSC_2045-scaled-1-1024x684.jpg","contentUrl":"https:\/\/lowersilesianopera.eu\/wp-content\/uploads\/2024\/10\/DSC_2045-scaled-1-1024x684.jpg"},{"@type":"BreadcrumbList","@id":"https:\/\/lowersilesianopera.eu\/opera\/#breadcrumb","itemListElement":[{"@type":"ListItem","position":1,"name":"Strona g\u0142\u00f3wna","item":"https:\/\/lowersilesianopera.eu\/"},{"@type":"ListItem","position":2,"name":"Opera"}]},{"@type":"WebSite","@id":"https:\/\/lowersilesianopera.eu\/#website","url":"https:\/\/lowersilesianopera.eu\/","name":"Lower Silesian Opera","description":"Opera Dolno\u015bl\u0105ska","potentialAction":[{"@type":"SearchAction","target":{"@type":"EntryPoint","urlTemplate":"https:\/\/lowersilesianopera.eu\/?s={search_term_string}"},"query-input":{"@type":"PropertyValueSpecification","valueRequired":true,"valueName":"search_term_string"}}],"inLanguage":"en-GB"}]}},"_links":{"self":[{"href":"https:\/\/lowersilesianopera.eu\/en\/wp-json\/wp\/v2\/pages\/96","targetHints":{"allow":["GET"]}}],"collection":[{"href":"https:\/\/lowersilesianopera.eu\/en\/wp-json\/wp\/v2\/pages"}],"about":[{"href":"https:\/\/lowersilesianopera.eu\/en\/wp-json\/wp\/v2\/types\/page"}],"author":[{"embeddable":true,"href":"https:\/\/lowersilesianopera.eu\/en\/wp-json\/wp\/v2\/users\/1"}],"replies":[{"embeddable":true,"href":"https:\/\/lowersilesianopera.eu\/en\/wp-json\/wp\/v2\/comments?post=96"}],"version-history":[{"count":155,"href":"https:\/\/lowersilesianopera.eu\/en\/wp-json\/wp\/v2\/pages\/96\/revisions"}],"predecessor-version":[{"id":1209,"href":"https:\/\/lowersilesianopera.eu\/en\/wp-json\/wp\/v2\/pages\/96\/revisions\/1209"}],"wp:attachment":[{"href":"https:\/\/lowersilesianopera.eu\/en\/wp-json\/wp\/v2\/media?parent=96"}],"curies":[{"name":"wp","href":"https:\/\/api.w.org\/{rel}","templated":true}]}}