{"id":1295,"date":"2025-01-20T01:25:41","date_gmt":"2025-01-20T01:25:41","guid":{"rendered":"https:\/\/lowersilesianopera.eu\/?page_id=1295"},"modified":"2025-01-28T10:43:09","modified_gmt":"2025-01-28T10:43:09","slug":"galeria","status":"publish","type":"page","link":"https:\/\/lowersilesianopera.eu\/en\/galeria\/","title":{"rendered":"Gallery"},"content":{"rendered":"<div data-elementor-type=\"wp-page\" data-elementor-id=\"1295\" class=\"elementor elementor-1295\">\n\t\t\t\t\t\t<section class=\"elementor-section elementor-top-section elementor-element elementor-element-41952507 elementor-section-content-middle elementor-section-boxed elementor-section-height-default elementor-section-height-default\" data-id=\"41952507\" data-element_type=\"section\" data-e-type=\"section\" data-settings=\"{&quot;background_background&quot;:&quot;classic&quot;}\">\n\t\t\t\t\t\t\t<div class=\"elementor-background-overlay\"><\/div>\n\t\t\t\t\t\t\t<div class=\"elementor-container elementor-column-gap-default\">\n\t\t\t\t\t<div class=\"elementor-column elementor-col-50 elementor-top-column elementor-element elementor-element-6484bf8e elementor-hidden-tablet elementor-hidden-phone\" data-id=\"6484bf8e\" data-element_type=\"column\" data-e-type=\"column\">\n\t\t\t<div class=\"elementor-widget-wrap\">\n\t\t\t\t\t\t\t<\/div>\n\t\t<\/div>\n\t\t\t\t<div class=\"elementor-column elementor-col-50 elementor-top-column elementor-element elementor-element-2ccb6dd\" data-id=\"2ccb6dd\" data-element_type=\"column\" data-e-type=\"column\" data-settings=\"{&quot;background_background&quot;:&quot;classic&quot;}\">\n\t\t\t<div class=\"elementor-widget-wrap elementor-element-populated\">\n\t\t\t\t\t\t<div class=\"elementor-element elementor-element-5f58a244 elementor-widget elementor-widget-heading\" data-id=\"5f58a244\" data-element_type=\"widget\" data-e-type=\"widget\" data-widget_type=\"heading.default\">\n\t\t\t\t<div class=\"elementor-widget-container\">\n\t\t\t\t\t<h2 class=\"elementor-heading-title elementor-size-default\">Gallery<\/h2>\t\t\t\t<\/div>\n\t\t\t\t<\/div>\n\t\t\t\t<div class=\"elementor-element elementor-element-6643715e elementor-icon-list--layout-inline elementor-align-end elementor-mobile-align-end elementor-list-item-link-full_width elementor-widget elementor-widget-icon-list\" data-id=\"6643715e\" data-element_type=\"widget\" data-e-type=\"widget\" data-widget_type=\"icon-list.default\">\n\t\t\t\t<div class=\"elementor-widget-container\">\n\t\t\t\t\t\t\t<ul class=\"elementor-icon-list-items elementor-inline-items\">\n\t\t\t\t\t\t\t<li class=\"elementor-icon-list-item elementor-inline-item\">\n\t\t\t\t\t\t\t\t\t\t\t<a href=\"https:\/\/lowersilesianopera.eu\/en\/\">\n\n\t\t\t\t\t\t\t\t\t\t\t<span class=\"elementor-icon-list-text\">Home<\/span>\n\t\t\t\t\t\t\t\t\t\t\t<\/a>\n\t\t\t\t\t\t\t\t\t<\/li>\n\t\t\t\t\t\t\t\t<li class=\"elementor-icon-list-item elementor-inline-item\">\n\t\t\t\t\t\t\t\t\t\t\t<span class=\"elementor-icon-list-icon\">\n\t\t\t\t\t\t\t<svg aria-hidden=\"true\" class=\"e-font-icon-svg e-fas-chevron-right\" viewbox=\"0 0 320 512\" xmlns=\"http:\/\/www.w3.org\/2000\/svg\"><path d=\"M285.476 272.971L91.132 467.314c-9.373 9.373-24.569 9.373-33.941 0l-22.667-22.667c-9.357-9.357-9.375-24.522-.04-33.901L188.505 256 34.484 101.255c-9.335-9.379-9.317-24.544.04-33.901l22.667-22.667c9.373-9.373 24.569-9.373 33.941 0L285.475 239.03c9.373 9.372 9.373 24.568.001 33.941z\"><\/path><\/svg>\t\t\t\t\t\t<\/span>\n\t\t\t\t\t\t\t\t\t\t<span class=\"elementor-icon-list-text\">Gallery<\/span>\n\t\t\t\t\t\t\t\t\t<\/li>\n\t\t\t\t\t\t<\/ul>\n\t\t\t\t\t\t<\/div>\n\t\t\t\t<\/div>\n\t\t\t\t\t<\/div>\n\t\t<\/div>\n\t\t\t\t\t<\/div>\n\t\t<\/section>\n\t\t\t\t<section class=\"elementor-section elementor-top-section elementor-element elementor-element-271258f2 elementor-section-boxed elementor-section-height-default elementor-section-height-default\" data-id=\"271258f2\" data-element_type=\"section\" data-e-type=\"section\" data-settings=\"{&quot;background_background&quot;:&quot;classic&quot;}\">\n\t\t\t\t\t\t<div class=\"elementor-container elementor-column-gap-default\">\n\t\t\t\t\t<div class=\"elementor-column elementor-col-100 elementor-top-column elementor-element elementor-element-46233ca\" data-id=\"46233ca\" data-element_type=\"column\" data-e-type=\"column\">\n\t\t\t<div class=\"elementor-widget-wrap elementor-element-populated\">\n\t\t\t\t\t\t<section class=\"elementor-section elementor-inner-section elementor-element elementor-element-4bafc900 elementor-section-boxed elementor-section-height-default elementor-section-height-default\" data-id=\"4bafc900\" data-element_type=\"section\" data-e-type=\"section\" data-settings=\"{&quot;background_background&quot;:&quot;classic&quot;}\">\n\t\t\t\t\t\t<div class=\"elementor-container elementor-column-gap-no\">\n\t\t\t\t\t<div class=\"elementor-column elementor-col-25 elementor-inner-column elementor-element elementor-element-739fb5d0\" data-id=\"739fb5d0\" data-element_type=\"column\" data-e-type=\"column\">\n\t\t\t<div class=\"elementor-widget-wrap elementor-element-populated\">\n\t\t\t\t\t\t<div class=\"elementor-element elementor-element-601f8c17 elementor-widget__width-auto elementor-widget elementor-widget-jkit_heading\" data-id=\"601f8c17\" data-element_type=\"widget\" data-e-type=\"widget\" data-widget_type=\"jkit_heading.default\">\n\t\t\t\t<div class=\"elementor-widget-container\">\n\t\t\t\t\t<div  class=\"jeg-elementor-kit jkit-heading  align-center align-tablet- align-mobile- jeg_module___69e351463b6ed\" ><div class=\"heading-section-title  display-inline-block\"><h2 class=\"heading-title\">21<\/h2><\/div><h3 class=\"heading-section-subtitle  style-color\">December 2024<\/h3><\/div>\t\t\t\t<\/div>\n\t\t\t\t<\/div>\n\t\t\t\t\t<\/div>\n\t\t<\/div>\n\t\t\t\t<div class=\"elementor-column elementor-col-25 elementor-inner-column elementor-element elementor-element-2609819b\" data-id=\"2609819b\" data-element_type=\"column\" data-e-type=\"column\">\n\t\t\t<div class=\"elementor-widget-wrap elementor-element-populated\">\n\t\t\t\t\t\t<div class=\"elementor-element elementor-element-c9022f8 elementor-widget elementor-widget-image\" data-id=\"c9022f8\" data-element_type=\"widget\" data-e-type=\"widget\" data-widget_type=\"image.default\">\n\t\t\t\t<div class=\"elementor-widget-container\">\n\t\t\t\t\t\t\t\t\t\t\t\t\t\t\t<img fetchpriority=\"high\" decoding=\"async\" width=\"800\" height=\"534\" src=\"https:\/\/lowersilesianopera.eu\/wp-content\/uploads\/2025\/01\/DSC_5467-1-1024x684.jpg\" class=\"attachment-large size-large wp-image-1353\" alt=\"\" srcset=\"https:\/\/lowersilesianopera.eu\/wp-content\/uploads\/2025\/01\/DSC_5467-1-1024x684.jpg 1024w, https:\/\/lowersilesianopera.eu\/wp-content\/uploads\/2025\/01\/DSC_5467-1-300x200.jpg 300w, https:\/\/lowersilesianopera.eu\/wp-content\/uploads\/2025\/01\/DSC_5467-1-768x513.jpg 768w, https:\/\/lowersilesianopera.eu\/wp-content\/uploads\/2025\/01\/DSC_5467-1-18x12.jpg 18w, https:\/\/lowersilesianopera.eu\/wp-content\/uploads\/2025\/01\/DSC_5467-1.jpg 1168w\" sizes=\"(max-width: 800px) 100vw, 800px\" \/>\t\t\t\t\t\t\t\t\t\t\t\t\t\t\t<\/div>\n\t\t\t\t<\/div>\n\t\t\t\t\t<\/div>\n\t\t<\/div>\n\t\t\t\t<div class=\"elementor-column elementor-col-25 elementor-inner-column elementor-element elementor-element-22018b81\" data-id=\"22018b81\" data-element_type=\"column\" data-e-type=\"column\">\n\t\t\t<div class=\"elementor-widget-wrap elementor-element-populated\">\n\t\t\t\t\t\t<div class=\"elementor-element elementor-element-16035585 elementor-widget elementor-widget-heading\" data-id=\"16035585\" data-element_type=\"widget\" data-e-type=\"widget\" data-widget_type=\"heading.default\">\n\t\t\t\t<div class=\"elementor-widget-container\">\n\t\t\t\t\t<h2 class=\"elementor-heading-title elementor-size-default\">Christmas Opera Gala<\/h2>\t\t\t\t<\/div>\n\t\t\t\t<\/div>\n\t\t\t\t<div class=\"elementor-element elementor-element-77a0c3f8 elementor-icon-list--layout-traditional elementor-list-item-link-full_width elementor-widget elementor-widget-icon-list\" data-id=\"77a0c3f8\" data-element_type=\"widget\" data-e-type=\"widget\" data-widget_type=\"icon-list.default\">\n\t\t\t\t<div class=\"elementor-widget-container\">\n\t\t\t\t\t\t\t<ul class=\"elementor-icon-list-items\">\n\t\t\t\t\t\t\t<li class=\"elementor-icon-list-item\">\n\t\t\t\t\t\t\t\t\t\t<span class=\"elementor-icon-list-text\">Opera gala with dance party<\/span>\n\t\t\t\t\t\t\t\t\t<\/li>\n\t\t\t\t\t\t<\/ul>\n\t\t\t\t\t\t<\/div>\n\t\t\t\t<\/div>\n\t\t\t\t\t<\/div>\n\t\t<\/div>\n\t\t\t\t<div class=\"elementor-column elementor-col-25 elementor-inner-column elementor-element elementor-element-6c019991\" data-id=\"6c019991\" data-element_type=\"column\" data-e-type=\"column\">\n\t\t\t<div class=\"elementor-widget-wrap elementor-element-populated\">\n\t\t\t\t\t\t<div class=\"elementor-element elementor-element-4e55230 elementor-widget__width-auto elementor-widget-tablet__width-inherit elementor-widget elementor-widget-jkit_button\" data-id=\"4e55230\" data-element_type=\"widget\" data-e-type=\"widget\" data-widget_type=\"jkit_button.default\">\n\t\t\t\t<div class=\"elementor-widget-container\">\n\t\t\t\t\t<div  class=\"jeg-elementor-kit jkit-button  icon-position-before jeg_module__1_69e351463c093\" ><a href=\"https:\/\/lowersilesianopera.eu\/en\/koncert-21-grudnia-2024-zdjecia\/\" class=\"jkit-button-wrapper\">View Gallery<\/a><\/div>\t\t\t\t<\/div>\n\t\t\t\t<\/div>\n\t\t\t\t\t<\/div>\n\t\t<\/div>\n\t\t\t\t\t<\/div>\n\t\t<\/section>\n\t\t\t\t\t<\/div>\n\t\t<\/div>\n\t\t\t\t\t<\/div>\n\t\t<\/section>\n\t\t\t\t<\/div>","protected":false},"excerpt":{"rendered":"<p>Gallery Home Gallery 21 December 2024 Christmas Opera Gala with dancing See Gallery<\/p>","protected":false},"author":1,"featured_media":0,"parent":0,"menu_order":0,"comment_status":"closed","ping_status":"closed","template":"","meta":{"footnotes":""},"class_list":["post-1295","page","type-page","status-publish","hentry"],"yoast_head":"<!-- This site is optimized with the Yoast SEO plugin v24.1 - https:\/\/yoast.com\/wordpress\/plugins\/seo\/ -->\n<title>Galeria - Lower Silesian Opera<\/title>\n<meta name=\"robots\" content=\"index, follow, max-snippet:-1, max-image-preview:large, max-video-preview:-1\" \/>\n<link rel=\"canonical\" href=\"https:\/\/lowersilesianopera.eu\/en\/galeria\/\" \/>\n<meta property=\"og:locale\" content=\"en_GB\" \/>\n<meta property=\"og:type\" content=\"article\" \/>\n<meta property=\"og:title\" content=\"Galeria - Lower Silesian Opera\" \/>\n<meta property=\"og:description\" content=\"Galeria Home Galeria 21 Grudnia 2024 \u015awi\u0105teczna Gala Operowa Gala operowa z zabaw\u0105 taneczn\u0105 Zobacz Galeri\u0119\" \/>\n<meta property=\"og:url\" content=\"https:\/\/lowersilesianopera.eu\/en\/galeria\/\" \/>\n<meta property=\"og:site_name\" content=\"Lower Silesian Opera\" \/>\n<meta property=\"article:modified_time\" content=\"2025-01-28T10:43:09+00:00\" \/>\n<meta property=\"og:image\" content=\"https:\/\/lowersilesianopera.eu\/wp-content\/uploads\/2025\/01\/DSC_5467-1.jpg\" \/>\n\t<meta property=\"og:image:width\" content=\"1168\" \/>\n\t<meta property=\"og:image:height\" content=\"780\" \/>\n\t<meta property=\"og:image:type\" content=\"image\/jpeg\" \/>\n<meta name=\"twitter:card\" content=\"summary_large_image\" \/>\n<meta name=\"twitter:label1\" content=\"Estimated reading time\" \/>\n\t<meta name=\"twitter:data1\" content=\"1 minute\" \/>\n<script type=\"application\/ld+json\" class=\"yoast-schema-graph\">{\"@context\":\"https:\/\/schema.org\",\"@graph\":[{\"@type\":\"WebPage\",\"@id\":\"https:\/\/lowersilesianopera.eu\/galeria\/\",\"url\":\"https:\/\/lowersilesianopera.eu\/galeria\/\",\"name\":\"Galeria - Lower Silesian Opera\",\"isPartOf\":{\"@id\":\"https:\/\/lowersilesianopera.eu\/#website\"},\"primaryImageOfPage\":{\"@id\":\"https:\/\/lowersilesianopera.eu\/galeria\/#primaryimage\"},\"image\":{\"@id\":\"https:\/\/lowersilesianopera.eu\/galeria\/#primaryimage\"},\"thumbnailUrl\":\"https:\/\/lowersilesianopera.eu\/wp-content\/uploads\/2025\/01\/DSC_5467-1-1024x684.jpg\",\"datePublished\":\"2025-01-20T01:25:41+00:00\",\"dateModified\":\"2025-01-28T10:43:09+00:00\",\"breadcrumb\":{\"@id\":\"https:\/\/lowersilesianopera.eu\/galeria\/#breadcrumb\"},\"inLanguage\":\"en-GB\",\"potentialAction\":[{\"@type\":\"ReadAction\",\"target\":[\"https:\/\/lowersilesianopera.eu\/galeria\/\"]}]},{\"@type\":\"ImageObject\",\"inLanguage\":\"en-GB\",\"@id\":\"https:\/\/lowersilesianopera.eu\/galeria\/#primaryimage\",\"url\":\"https:\/\/lowersilesianopera.eu\/wp-content\/uploads\/2025\/01\/DSC_5467-1-1024x684.jpg\",\"contentUrl\":\"https:\/\/lowersilesianopera.eu\/wp-content\/uploads\/2025\/01\/DSC_5467-1-1024x684.jpg\"},{\"@type\":\"BreadcrumbList\",\"@id\":\"https:\/\/lowersilesianopera.eu\/galeria\/#breadcrumb\",\"itemListElement\":[{\"@type\":\"ListItem\",\"position\":1,\"name\":\"Strona g\u0142\u00f3wna\",\"item\":\"https:\/\/lowersilesianopera.eu\/\"},{\"@type\":\"ListItem\",\"position\":2,\"name\":\"Galeria\"}]},{\"@type\":\"WebSite\",\"@id\":\"https:\/\/lowersilesianopera.eu\/#website\",\"url\":\"https:\/\/lowersilesianopera.eu\/\",\"name\":\"Lower Silesian Opera\",\"description\":\"Opera Dolno\u015bl\u0105ska\",\"potentialAction\":[{\"@type\":\"SearchAction\",\"target\":{\"@type\":\"EntryPoint\",\"urlTemplate\":\"https:\/\/lowersilesianopera.eu\/?s={search_term_string}\"},\"query-input\":{\"@type\":\"PropertyValueSpecification\",\"valueRequired\":true,\"valueName\":\"search_term_string\"}}],\"inLanguage\":\"en-GB\"}]}<\/script>\n<!-- \/ Yoast SEO plugin. -->","yoast_head_json":{"title":"Galeria - Lower Silesian Opera","robots":{"index":"index","follow":"follow","max-snippet":"max-snippet:-1","max-image-preview":"max-image-preview:large","max-video-preview":"max-video-preview:-1"},"canonical":"https:\/\/lowersilesianopera.eu\/en\/galeria\/","og_locale":"en_GB","og_type":"article","og_title":"Galeria - Lower Silesian Opera","og_description":"Galeria Home Galeria 21 Grudnia 2024 \u015awi\u0105teczna Gala Operowa Gala operowa z zabaw\u0105 taneczn\u0105 Zobacz Galeri\u0119","og_url":"https:\/\/lowersilesianopera.eu\/en\/galeria\/","og_site_name":"Lower Silesian Opera","article_modified_time":"2025-01-28T10:43:09+00:00","og_image":[{"width":1168,"height":780,"url":"https:\/\/lowersilesianopera.eu\/wp-content\/uploads\/2025\/01\/DSC_5467-1.jpg","type":"image\/jpeg"}],"twitter_card":"summary_large_image","twitter_misc":{"Estimated reading time":"1 minute"},"schema":{"@context":"https:\/\/schema.org","@graph":[{"@type":"WebPage","@id":"https:\/\/lowersilesianopera.eu\/galeria\/","url":"https:\/\/lowersilesianopera.eu\/galeria\/","name":"Galeria - Lower Silesian Opera","isPartOf":{"@id":"https:\/\/lowersilesianopera.eu\/#website"},"primaryImageOfPage":{"@id":"https:\/\/lowersilesianopera.eu\/galeria\/#primaryimage"},"image":{"@id":"https:\/\/lowersilesianopera.eu\/galeria\/#primaryimage"},"thumbnailUrl":"https:\/\/lowersilesianopera.eu\/wp-content\/uploads\/2025\/01\/DSC_5467-1-1024x684.jpg","datePublished":"2025-01-20T01:25:41+00:00","dateModified":"2025-01-28T10:43:09+00:00","breadcrumb":{"@id":"https:\/\/lowersilesianopera.eu\/galeria\/#breadcrumb"},"inLanguage":"en-GB","potentialAction":[{"@type":"ReadAction","target":["https:\/\/lowersilesianopera.eu\/galeria\/"]}]},{"@type":"ImageObject","inLanguage":"en-GB","@id":"https:\/\/lowersilesianopera.eu\/galeria\/#primaryimage","url":"https:\/\/lowersilesianopera.eu\/wp-content\/uploads\/2025\/01\/DSC_5467-1-1024x684.jpg","contentUrl":"https:\/\/lowersilesianopera.eu\/wp-content\/uploads\/2025\/01\/DSC_5467-1-1024x684.jpg"},{"@type":"BreadcrumbList","@id":"https:\/\/lowersilesianopera.eu\/galeria\/#breadcrumb","itemListElement":[{"@type":"ListItem","position":1,"name":"Strona g\u0142\u00f3wna","item":"https:\/\/lowersilesianopera.eu\/"},{"@type":"ListItem","position":2,"name":"Galeria"}]},{"@type":"WebSite","@id":"https:\/\/lowersilesianopera.eu\/#website","url":"https:\/\/lowersilesianopera.eu\/","name":"Lower Silesian Opera","description":"Opera Dolno\u015bl\u0105ska","potentialAction":[{"@type":"SearchAction","target":{"@type":"EntryPoint","urlTemplate":"https:\/\/lowersilesianopera.eu\/?s={search_term_string}"},"query-input":{"@type":"PropertyValueSpecification","valueRequired":true,"valueName":"search_term_string"}}],"inLanguage":"en-GB"}]}},"_links":{"self":[{"href":"https:\/\/lowersilesianopera.eu\/en\/wp-json\/wp\/v2\/pages\/1295","targetHints":{"allow":["GET"]}}],"collection":[{"href":"https:\/\/lowersilesianopera.eu\/en\/wp-json\/wp\/v2\/pages"}],"about":[{"href":"https:\/\/lowersilesianopera.eu\/en\/wp-json\/wp\/v2\/types\/page"}],"author":[{"embeddable":true,"href":"https:\/\/lowersilesianopera.eu\/en\/wp-json\/wp\/v2\/users\/1"}],"replies":[{"embeddable":true,"href":"https:\/\/lowersilesianopera.eu\/en\/wp-json\/wp\/v2\/comments?post=1295"}],"version-history":[{"count":22,"href":"https:\/\/lowersilesianopera.eu\/en\/wp-json\/wp\/v2\/pages\/1295\/revisions"}],"predecessor-version":[{"id":1514,"href":"https:\/\/lowersilesianopera.eu\/en\/wp-json\/wp\/v2\/pages\/1295\/revisions\/1514"}],"wp:attachment":[{"href":"https:\/\/lowersilesianopera.eu\/en\/wp-json\/wp\/v2\/media?parent=1295"}],"curies":[{"name":"wp","href":"https:\/\/api.w.org\/{rel}","templated":true}]}}